{"id":9292,"date":"2022-04-15T16:26:21","date_gmt":"2022-04-15T14:26:21","guid":{"rendered":"https:\/\/collaborator.biz\/?page_id=9292"},"modified":"2022-04-29T13:49:40","modified_gmt":"2022-04-29T11:49:40","slug":"lms-collaborator-branchtrack","status":"publish","type":"page","link":"https:\/\/collaborator.biz\/es\/lms-collaborator-branchtrack\/","title":{"rendered":"LMS Collaborator + BranchTrack"},"content":{"rendered":"<p><span style=\"font-weight: 400;\">Los simuladores de di\u00e1logo son un m\u00e9todo popular de gamificaci\u00f3n del aprendizaje<\/span>.<\/p>\n<p>El simulador fomenta el pensamiento y la toma de decisiones en una situaci\u00f3n de la vida real, lo que permite reforzar los conocimientos y las habilidades cr\u00edticas.<\/p>\n<p><img loading=\"lazy\" decoding=\"async\" class=\"alignright wp-image-9410 size-medium\" src=\"https:\/\/collaborator.biz\/wp-content\/uploads\/2022\/04\/banchtrack-300x233.jpg\" alt=\"\" width=\"300\" height=\"233\" srcset=\"https:\/\/collaborator.biz\/wp-content\/uploads\/2022\/04\/banchtrack-300x233.jpg 300w, https:\/\/collaborator.biz\/wp-content\/uploads\/2022\/04\/banchtrack-1024x795.jpg 1024w, https:\/\/collaborator.biz\/wp-content\/uploads\/2022\/04\/banchtrack-768x596.jpg 768w, https:\/\/collaborator.biz\/wp-content\/uploads\/2022\/04\/banchtrack.jpg 1046w\" sizes=\"auto, (max-width: 300px) 100vw, 300px\" \/>Los simuladores de los di\u00e1logos e situaciones reales pueden utilizarse pr\u00e1cticamente en cualquier campo de aprendizaje:<\/p>\n<ul>\n<li>Conversaci\u00f3n con el cliente<\/li>\n<li>Atenci\u00f3n al cliente<\/li>\n<li>Gesti\u00f3n de los empleados<\/li>\n<li>Cumplimiento de los procedimientos<\/li>\n<li>Dilemas \u00e9ticos<\/li>\n<li>Actuaci\u00f3n en una situaci\u00f3n de emergencia<\/li>\n<\/ul>\n<p>LMS Collaborator proporciona integraci\u00f3n con las simulaciones de di\u00e1logo de <a href=\"https:\/\/www.branchtrack.com\/\">BranchTrack<\/a>.<\/p>\n<p>Si utiliza BranchTrack con LMS Collaborator, obtendr\u00e1:<\/p>\n<ul>\n<li><span style=\"font-weight: 400;\">una herramienta c\u00f3moda y sencilla para crear y modificar simuladores interactivos<\/span>;<\/li>\n<li><span style=\"font-weight: 400;\">conexi\u00f3n de tareas con simuladores a cualquier proceso de formaci\u00f3n en el LMS, ya sea como tareas personales individuales o como parte de cursos, programas y rutas de aprendizaje<\/span>;<\/li>\n<li><span style=\"font-weight: 400;\">conveniente informe del progreso del simulador con la posibilidad de obtener resultados en Excel o v\u00eda API a sistemas anal\u00edticos externos<\/span>.<\/li>\n<\/ul>\n<p><span style=\"font-weight: 400;\">Hay muchas maneras de utilizar los simuladores en nuestro LMS. P\u00f3ngase en contacto con nosotros a trav\u00e9s de <a href=\"https:\/\/collaborator.biz\/lms-collaborator-branchtrack\/#free-test\">este formulario<\/a> y le facilitaremos toda la informaci\u00f3n pertinente.<\/span><\/p>\n\n\t\t<style type=\"text\/css\">\n\t\t\t#gallery-4 {\n\t\t\t\tmargin: auto;\n\t\t\t}\n\t\t\t#gallery-4 .gallery-item {\n\t\t\t\tfloat: left;\n\t\t\t\tmargin-top: 10px;\n\t\t\t\ttext-align: center;\n\t\t\t\twidth: 33%;\n\t\t\t}\n\t\t\t#gallery-4 img {\n\t\t\t\tborder: 2px solid #cfcfcf;\n\t\t\t}\n\t\t\t#gallery-4 .gallery-caption {\n\t\t\t\tmargin-left: 0;\n\t\t\t}\n\t\t\t\/* see gallery_shortcode() in wp-includes\/media.php *\/\n\t\t<\/style>\n\t\t<div id='gallery-4' class='gallery galleryid-9292 gallery-columns-3 gallery-size-medium'><dl class='gallery-item'>\n\t\t\t<dt class='gallery-icon landscape'>\n\t\t\t\t<a href='https:\/\/collaborator.biz\/wp-content\/uploads\/2022\/04\/banch-track2.jpg'><img loading=\"lazy\" decoding=\"async\" width=\"300\" height=\"173\" src=\"https:\/\/collaborator.biz\/wp-content\/uploads\/2022\/04\/banch-track2-300x173.jpg\" class=\"attachment-medium size-medium\" alt=\"\" srcset=\"https:\/\/collaborator.biz\/wp-content\/uploads\/2022\/04\/banch-track2-300x173.jpg 300w, https:\/\/collaborator.biz\/wp-content\/uploads\/2022\/04\/banch-track2-1024x591.jpg 1024w, https:\/\/collaborator.biz\/wp-content\/uploads\/2022\/04\/banch-track2-768x443.jpg 768w, https:\/\/collaborator.biz\/wp-content\/uploads\/2022\/04\/banch-track2.jpg 1509w\" sizes=\"auto, (max-width: 300px) 100vw, 300px\" \/><\/a>\n\t\t\t<\/dt><\/dl><dl class='gallery-item'>\n\t\t\t<dt class='gallery-icon landscape'>\n\t\t\t\t<a href='https:\/\/collaborator.biz\/wp-content\/uploads\/2022\/04\/btrack6.jpg'><img loading=\"lazy\" decoding=\"async\" width=\"300\" height=\"143\" src=\"https:\/\/collaborator.biz\/wp-content\/uploads\/2022\/04\/btrack6-300x143.jpg\" class=\"attachment-medium size-medium\" alt=\"\" srcset=\"https:\/\/collaborator.biz\/wp-content\/uploads\/2022\/04\/btrack6-300x143.jpg 300w, https:\/\/collaborator.biz\/wp-content\/uploads\/2022\/04\/btrack6-1024x489.jpg 1024w, https:\/\/collaborator.biz\/wp-content\/uploads\/2022\/04\/btrack6-768x367.jpg 768w, https:\/\/collaborator.biz\/wp-content\/uploads\/2022\/04\/btrack6-1536x734.jpg 1536w, https:\/\/collaborator.biz\/wp-content\/uploads\/2022\/04\/btrack6.jpg 1875w\" sizes=\"auto, (max-width: 300px) 100vw, 300px\" \/><\/a>\n\t\t\t<\/dt><\/dl><dl class='gallery-item'>\n\t\t\t<dt class='gallery-icon landscape'>\n\t\t\t\t<a href='https:\/\/collaborator.biz\/wp-content\/uploads\/2022\/04\/image-2.png'><img loading=\"lazy\" decoding=\"async\" width=\"300\" height=\"168\" src=\"https:\/\/collaborator.biz\/wp-content\/uploads\/2022\/04\/image-2-300x168.png\" class=\"attachment-medium size-medium\" alt=\"\" srcset=\"https:\/\/collaborator.biz\/wp-content\/uploads\/2022\/04\/image-2-300x168.png 300w, https:\/\/collaborator.biz\/wp-content\/uploads\/2022\/04\/image-2-1024x574.png 1024w, https:\/\/collaborator.biz\/wp-content\/uploads\/2022\/04\/image-2-768x430.png 768w, https:\/\/collaborator.biz\/wp-content\/uploads\/2022\/04\/image-2.png 1319w\" sizes=\"auto, (max-width: 300px) 100vw, 300px\" \/><\/a>\n\t\t\t<\/dt><\/dl><br style=\"clear: both\" \/><dl class='gallery-item'>\n\t\t\t<dt class='gallery-icon landscape'>\n\t\t\t\t<a href='https:\/\/collaborator.biz\/wp-content\/uploads\/2022\/04\/branch-track5.jpg'><img loading=\"lazy\" decoding=\"async\" width=\"300\" height=\"141\" src=\"https:\/\/collaborator.biz\/wp-content\/uploads\/2022\/04\/branch-track5-300x141.jpg\" class=\"attachment-medium size-medium\" alt=\"\" srcset=\"https:\/\/collaborator.biz\/wp-content\/uploads\/2022\/04\/branch-track5-300x141.jpg 300w, https:\/\/collaborator.biz\/wp-content\/uploads\/2022\/04\/branch-track5-1024x483.jpg 1024w, https:\/\/collaborator.biz\/wp-content\/uploads\/2022\/04\/branch-track5-768x362.jpg 768w, https:\/\/collaborator.biz\/wp-content\/uploads\/2022\/04\/branch-track5-1536x724.jpg 1536w, https:\/\/collaborator.biz\/wp-content\/uploads\/2022\/04\/branch-track5.jpg 1880w\" sizes=\"auto, (max-width: 300px) 100vw, 300px\" \/><\/a>\n\t\t\t<\/dt><\/dl><dl class='gallery-item'>\n\t\t\t<dt class='gallery-icon landscape'>\n\t\t\t\t<a href='https:\/\/collaborator.biz\/wp-content\/uploads\/2022\/04\/banch-track3.jpg'><img loading=\"lazy\" decoding=\"async\" width=\"300\" height=\"164\" src=\"https:\/\/collaborator.biz\/wp-content\/uploads\/2022\/04\/banch-track3-300x164.jpg\" class=\"attachment-medium size-medium\" alt=\"\" srcset=\"https:\/\/collaborator.biz\/wp-content\/uploads\/2022\/04\/banch-track3-300x164.jpg 300w, https:\/\/collaborator.biz\/wp-content\/uploads\/2022\/04\/banch-track3-1024x560.jpg 1024w, https:\/\/collaborator.biz\/wp-content\/uploads\/2022\/04\/banch-track3-768x420.jpg 768w, https:\/\/collaborator.biz\/wp-content\/uploads\/2022\/04\/banch-track3.jpg 1501w\" sizes=\"auto, (max-width: 300px) 100vw, 300px\" \/><\/a>\n\t\t\t<\/dt><\/dl>\n\t\t\t<br style='clear: both' \/>\n\t\t<\/div>\n\n<p><iframe loading=\"lazy\" title=\"LMS Collaborator + Branch Track\" width=\"500\" height=\"281\" src=\"https:\/\/www.youtube.com\/embed\/qgkEqDwNqLI?feature=oembed\" frameborder=\"0\" allow=\"accelerometer; autoplay; clipboard-write; encrypted-media; gyroscope; picture-in-picture; web-share\" referrerpolicy=\"strict-origin-when-cross-origin\" allowfullscreen><\/iframe><\/p>\n<p>&nbsp;<\/p>\n<p>&nbsp;<\/p>","protected":false},"excerpt":{"rendered":"<p>Los simuladores de di\u00e1logo son un m\u00e9todo popular de gamificaci\u00f3n del aprendizaje. El simulador fomenta el pensamiento y la toma de&#8230;<\/p>\n","protected":false},"author":3,"featured_media":9296,"parent":0,"menu_order":0,"comment_status":"closed","ping_status":"closed","template":"text-page.php","meta":{"footnotes":""},"class_list":["post-9292","page","type-page","status-publish","has-post-thumbnail","hentry"],"_links":{"self":[{"href":"https:\/\/collaborator.biz\/es\/wp-json\/wp\/v2\/pages\/9292","targetHints":{"allow":["GET"]}}],"collection":[{"href":"https:\/\/collaborator.biz\/es\/wp-json\/wp\/v2\/pages"}],"about":[{"href":"https:\/\/collaborator.biz\/es\/wp-json\/wp\/v2\/types\/page"}],"author":[{"embeddable":true,"href":"https:\/\/collaborator.biz\/es\/wp-json\/wp\/v2\/users\/3"}],"replies":[{"embeddable":true,"href":"https:\/\/collaborator.biz\/es\/wp-json\/wp\/v2\/comments?post=9292"}],"version-history":[{"count":32,"href":"https:\/\/collaborator.biz\/es\/wp-json\/wp\/v2\/pages\/9292\/revisions"}],"predecessor-version":[{"id":9420,"href":"https:\/\/collaborator.biz\/es\/wp-json\/wp\/v2\/pages\/9292\/revisions\/9420"}],"wp:featuredmedia":[{"embeddable":true,"href":"https:\/\/collaborator.biz\/es\/wp-json\/wp\/v2\/media\/9296"}],"wp:attachment":[{"href":"https:\/\/collaborator.biz\/es\/wp-json\/wp\/v2\/media?parent=9292"}],"curies":[{"name":"wp","href":"https:\/\/api.w.org\/{rel}","templated":true}]}}