{"id":9271,"date":"2022-04-13T16:11:02","date_gmt":"2022-04-13T14:11:02","guid":{"rendered":"https:\/\/collaborator.biz\/?page_id=9271"},"modified":"2025-12-05T12:27:00","modified_gmt":"2025-12-05T10:27:00","slug":"lms-collaborator-hrm-hurma","status":"publish","type":"page","link":"https:\/\/collaborator.biz\/es\/lms-collaborator-hrm-hurma\/","title":{"rendered":"LMS Collaborator + HRM HURMA"},"content":{"rendered":"<p><span style=\"font-weight: 400;\">A partir de 2020, LMS Collaborator tiene integraci\u00f3n con el sistema de gesti\u00f3n de recursos humanos (HRM) HURMA.<\/span><\/p>\n<p><span style=\"font-weight: 400;\">HRM plataforma automatiza y ayuda a sistematizar el trabajo de los departamentos de recursos humanos de las organizaciones.<\/span><\/p>\n<p><span style=\"font-weight: 400;\">Usted puede mantener todo el trabajo de RRHH en el sistema HURMA: informaci\u00f3n sobre el personal de la empresa, su contrataci\u00f3n, estados, documentos, calendario de empleados con vacaciones, viajes de negocios, bajas por enfermedad, etc.<\/span><\/p>\n<p><span style=\"font-weight: 400;\">En esta integraci\u00f3n, LMS Collaborator asume todas las funciones de organizaci\u00f3n de la formaci\u00f3n de los empleados,\u00a0 realizaci\u00f3n de sus calificaciones a trav\u00e9s de pruebas y listas de control, evaluaci\u00f3n seg\u00fan los m\u00e9todos 360, 270, 180, 90 y el apoyo informativo a trav\u00e9s de la Base de Conocimientos y otros medios de informaci\u00f3n.<\/span><\/p>\n<p><span style=\"font-weight: 400;\">Seg\u00fan los cambios en HRM HURMA, los nuevos usuarios se a\u00f1adir\u00e1n autom\u00e1ticamente al LMS Collaborator, los empleados despedidos se bloquear\u00e1n y la informaci\u00f3n personal de cada persona se actualizar\u00e1 autom\u00e1ticamente.<\/span><\/p>\n<p><span style=\"font-weight: 400;\">Los resultados de la formaci\u00f3n de los empleados y otras actividades en el sistema de formaci\u00f3n a distancia LMS Collaborator estar\u00e1n disponibles para su an\u00e1lisis en el sistema de gesti\u00f3n de recursos humanos HURMA.<\/span><\/p>\n<p><span style=\"font-weight: 400;\">LMS Collaborator y HRM HURMA cooperan en el desarrollo de nuevas posibilidades de integraci\u00f3n de acuerdo con las peticiones de nuestros clientes. Estamos mejorando y preparando juntos nuevas posibilidades de integraci\u00f3n.<\/span><\/p>\n<blockquote><p><span style=\"font-weight: 400;\">LMS Collaborator y HRM HURMA han preparado una oferta ventajosa para quienes necesitan una soluci\u00f3n completa 2 en 1.<\/span><\/p>\n<p><span style=\"font-weight: 400;\">Elija el paquete LMS Collaborator que necesita para su HRM HURMA:<\/span><\/p>\n<ul>\n<li><span style=\"font-weight: 400;\"><strong>Assessment 360<\/strong>: todo lo que se necesita para las evaluaciones de 360, 270, 180 y 90;<\/span><\/li>\n<li><span style=\"font-weight: 400;\"><strong>Est\u00e1ndar<\/strong>: todo lo que necesita para organizar el portal educativo de su empresa;<\/span><\/li>\n<li><span style=\"font-weight: 400;\"><strong>Pro<\/strong> &#8211; m\u00e1xima capacidad de configuraci\u00f3n del LMS para la formaci\u00f3n corporativa y el portal de desarrollo.<\/span><\/li>\n<\/ul>\n<p><span style=\"font-weight: 400;\">Obtendr\u00e1 <strong>un 10%<\/strong> de descuento en LMS Collaborator + un 10% de descuento en HRM HURMA.<\/span><\/p><\/blockquote>\n<p><span style=\"font-weight: 400;\">Rellene este<strong><a href=\"#free-test\"> formulario<\/a><\/strong> y nos pondremos en contacto con usted para facilitarle informaci\u00f3n actualizada.<\/span><\/p>\n<p>&nbsp;<\/p>\n<h2><span style=\"font-weight: 400;\">ACERCA DE HURMA<\/span><\/h2>\n<p><span style=\"font-weight: 400;\">HURMA es una plataforma HRM todo-en-uno para crear el mejor equipo. Este sistema ayuda a las empresas a crecer m\u00e1s r\u00e1pidamente y ahorra un tiempo precioso a los responsables de recursos humanos y de contrataci\u00f3n.<\/span><span style=\"font-weight: 400;\"><br \/>\n<\/span><span style=\"font-weight: 400;\">HURMA incluye:<\/span><\/p>\n<ul>\n<li><span style=\"font-weight: 400;\"><strong>Sistema de gesti\u00f3n de recursos humanos (HRM)<\/strong>. Gesti\u00f3n de ausencias, base de datos de empleados, autoscripts, n\u00f3minas, chatbots m\u00f3viles;<\/span><\/li>\n<li><span style=\"font-weight: 400;\"><strong>Sistema ATS.<\/strong> Automatizaci\u00f3n de solicitudes, b\u00fasqueda de personal en unos pocos clics, publicaci\u00f3n de puestos de trabajo, embudo de candidatos, marketing por correo electr\u00f3nico;<\/span><\/li>\n<li><span style=\"font-weight: 400;\"><strong>Encuestas a los empleados.<\/strong> Dise\u00f1ador flexible, plantillas Q12 y eNPS integradas;<\/span><\/li>\n<li><span style=\"font-weight: 400;\"><strong>OKR.<\/strong> Gesti\u00f3n del rendimiento, objetivos y resultados clave;<\/span><\/li>\n<li><span style=\"font-weight: 400;\"><strong>An\u00e1lisis transversales<\/strong>. Todas las m\u00e9tricas de contrataci\u00f3n y RRHH en un solo sistema.<\/span><\/li>\n<\/ul>\n<p><span style=\"font-weight: 400;\">Todo ello en su propio servidor seguro Single Tenant y con referencias de 1.000 empresas de 17 pa\u00edses.<\/span><\/p>\n<p><span style=\"font-weight: 400;\">M\u00e1s detalles en la web oficial &#8211; https:<a href=\"https:\/\/hurma.work\/en\/\">\/\/hurma.work\/en\/<\/a><\/span><\/p>","protected":false},"excerpt":{"rendered":"<p>A partir de 2020, LMS Collaborator tiene integraci\u00f3n con el sistema de gesti\u00f3n de recursos humanos (HRM) HURMA. HRM plataforma automatiza&#8230;<\/p>\n","protected":false},"author":3,"featured_media":9289,"parent":0,"menu_order":0,"comment_status":"closed","ping_status":"closed","template":"text-page.php","meta":{"footnotes":""},"class_list":["post-9271","page","type-page","status-publish","has-post-thumbnail","hentry"],"_links":{"self":[{"href":"https:\/\/collaborator.biz\/es\/wp-json\/wp\/v2\/pages\/9271","targetHints":{"allow":["GET"]}}],"collection":[{"href":"https:\/\/collaborator.biz\/es\/wp-json\/wp\/v2\/pages"}],"about":[{"href":"https:\/\/collaborator.biz\/es\/wp-json\/wp\/v2\/types\/page"}],"author":[{"embeddable":true,"href":"https:\/\/collaborator.biz\/es\/wp-json\/wp\/v2\/users\/3"}],"replies":[{"embeddable":true,"href":"https:\/\/collaborator.biz\/es\/wp-json\/wp\/v2\/comments?post=9271"}],"version-history":[{"count":25,"href":"https:\/\/collaborator.biz\/es\/wp-json\/wp\/v2\/pages\/9271\/revisions"}],"predecessor-version":[{"id":18757,"href":"https:\/\/collaborator.biz\/es\/wp-json\/wp\/v2\/pages\/9271\/revisions\/18757"}],"wp:featuredmedia":[{"embeddable":true,"href":"https:\/\/collaborator.biz\/es\/wp-json\/wp\/v2\/media\/9289"}],"wp:attachment":[{"href":"https:\/\/collaborator.biz\/es\/wp-json\/wp\/v2\/media?parent=9271"}],"curies":[{"name":"wp","href":"https:\/\/api.w.org\/{rel}","templated":true}]}}