{"id":8758,"date":"2021-12-14T14:08:58","date_gmt":"2021-12-14T12:08:58","guid":{"rendered":"https:\/\/collaborator.biz\/?page_id=8758"},"modified":"2025-07-03T12:47:42","modified_gmt":"2025-07-03T10:47:42","slug":"partners","status":"publish","type":"page","link":"https:\/\/collaborator.biz\/es\/partners\/","title":{"rendered":"Asociaci\u00f3n"},"content":{"rendered":"<p><\/p>\n<div class=\"newpage\">\n<h2 style=\"text-align: center;\"><b>Acerca de la asociaci\u00f3n con LMS Collaborator<\/b><\/h2>\n<p>&nbsp;<\/p>\n<blockquote><p><span style=\"font-weight: 400;\">Nuestra experiencia pr\u00e1ctica es de m\u00e1s de 100 implementaciones en empresas de 200 a 20.000 empleados, m\u00e1s de 10 a\u00f1os de servicios de consultor\u00eda en e-Learning, mentoring y participaci\u00f3n en comunidades profesionales en aprendizaje corporativo.<\/span><\/p><\/blockquote>\n<p>&nbsp;<\/p>\n<p><b>La asociaci\u00f3n con LMS Collaborator significa<\/b><\/p>\n<p>&nbsp;<\/p>\n<ul>\n<li><b>Oportunidad <\/b><span style=\"font-weight: 400;\">para agregar valor r\u00e1pidamente a los clientes corporativos en forma de un sistema automatizado para la capacitaci\u00f3n y el desarrollo del personal.<\/span><br \/>\n<code><span style=\"font-weight: 400;\">Nos ocupamos de todos los aspectos relacionados con el despliegue del sistema,la formaci\u00f3n de los administradores y el mantenimiento del sistema.<\/span><\/code><\/li>\n<li><b>Oportunidad <\/b><span style=\"font-weight: 400;\">de brindar a los clientes corporativos sus propios servicios adicionales de consultor\u00eda y administraci\u00f3n de los procesos de capacitaci\u00f3n, incorporaci\u00f3n y certificaci\u00f3n.<\/span><br \/>\n<code><span style=\"font-weight: 400;\">Le ense\u00f1aremos y le brindaremos consultor\u00eda y soporte t\u00e9cnico.<\/span><\/code><\/li>\n<li><b>Capacidad <\/b><span style=\"font-weight: 400;\">para escalar, acelerar y automatizar de manera flexible sus propios programas y cursos de capacitaci\u00f3n.<\/span><br \/>\n<code><span style=\"font-weight: 400;\">Ayudaremos con todas las cuestiones organizativas y t\u00e9cnicas.<\/span><\/code><\/li>\n<li><b>Posibilidad <\/b><span style=\"font-weight: 400;\">de implementar nuestros propios proyectos para construir un sistema de aprendizaje corporativo.<\/span><br \/>\n<code><span style=\"font-weight: 400;\">Tenemos experiencia en este tipo de proyectos desde 2007 y le ayudaremos.<\/span><\/code><\/li>\n<\/ul>\n<ul>\n<li><b>Capacidad<\/b><span style=\"font-weight: 400;\"> para complementar sus propias soluciones de TI con el sistema LMS multifuncional y de f\u00e1cil integraci\u00f3n.<\/span><br \/>\n<code><span style=\"font-weight: 400;\">Nos interesa la integraci\u00f3n con cualquier sistema y asignamos activamente recursos para este fin. La arquitectura del LMS Collaborator se basa en las APIs REST y desde el principio se ha enfocado en la integraci\u00f3n flexible.<\/span><\/code><\/li>\n<li><b>Posibilidad <\/b><span style=\"font-weight: 400;\">de distribuir sus propias soluciones TI\u00a0 para tareas de RR.HH. en integraci\u00f3n con LMS Collaborator.<\/span><br \/>\n<code><span style=\"font-weight: 400;\">Le ayudaremos con el uso de nuestra API, Webhook, acceso seguro a los datos de formaci\u00f3n.<\/span><\/code><\/li>\n<\/ul>\n<p><b>Nuestros socios<\/b><span style=\"font-weight: 400;\"> son:<\/span><\/p>\n<ul>\n<li><span style=\"font-weight: 400;\">consultores de recursos humanos y centros de capacitaci\u00f3n<\/span>,<\/li>\n<li><span style=\"font-weight: 400;\">empresas dedicadas a la integraci\u00f3n de sistemas, implementaci\u00f3n de los sistemas ERP y sistemas para automatizaci\u00f3n de procesos de RRHH<\/span>,<\/li>\n<li><span style=\"font-weight: 400;\">desarrolladores de software,<\/span><\/li>\n<li><span style=\"font-weight: 400;\">y otras empresas orientadas a la automatizaci\u00f3n de las tareas de RRHH en las medianas y grandes empresas.<\/span><\/li>\n<\/ul>\n<p>&nbsp;<\/p>\n<p><span style=\"font-weight: 400;\">Su cliente recibe inmediatamente un servicio listo para usar, alojado en la nube.<\/span><br \/>\n<span style=\"font-weight: 400;\">No necesita preocuparse por problemas<\/span>:<\/p>\n<ul>\n<li><span style=\"font-weight: 400;\">garantizar el funcionamiento continuo del sistema,<\/span><\/li>\n<li><span style=\"font-weight: 400;\">mantenimiento de la plataforma,<\/span><\/li>\n<li><span style=\"font-weight: 400;\">modernizaci\u00f3n del sitio t\u00e9cnico,<\/span><\/li>\n<li><span style=\"font-weight: 400;\">actualizaci\u00f3n autom\u00e1tica de la plataforma a la \u00faltima versi\u00f3n.<\/span><\/li>\n<\/ul>\n<\/div>\n<p><\/p>","protected":false},"excerpt":{"rendered":"<p>Acerca de la asociaci\u00f3n con LMS Collaborator &nbsp; Nuestra experiencia pr\u00e1ctica es de m\u00e1s de 100 implementaciones en empresas de 200&#8230;<\/p>\n","protected":false},"author":3,"featured_media":0,"parent":0,"menu_order":0,"comment_status":"closed","ping_status":"closed","template":"text-page.php","meta":{"footnotes":""},"class_list":["post-8758","page","type-page","status-publish","hentry"],"_links":{"self":[{"href":"https:\/\/collaborator.biz\/es\/wp-json\/wp\/v2\/pages\/8758","targetHints":{"allow":["GET"]}}],"collection":[{"href":"https:\/\/collaborator.biz\/es\/wp-json\/wp\/v2\/pages"}],"about":[{"href":"https:\/\/collaborator.biz\/es\/wp-json\/wp\/v2\/types\/page"}],"author":[{"embeddable":true,"href":"https:\/\/collaborator.biz\/es\/wp-json\/wp\/v2\/users\/3"}],"replies":[{"embeddable":true,"href":"https:\/\/collaborator.biz\/es\/wp-json\/wp\/v2\/comments?post=8758"}],"version-history":[{"count":75,"href":"https:\/\/collaborator.biz\/es\/wp-json\/wp\/v2\/pages\/8758\/revisions"}],"predecessor-version":[{"id":16785,"href":"https:\/\/collaborator.biz\/es\/wp-json\/wp\/v2\/pages\/8758\/revisions\/16785"}],"wp:attachment":[{"href":"https:\/\/collaborator.biz\/es\/wp-json\/wp\/v2\/media?parent=8758"}],"curies":[{"name":"wp","href":"https:\/\/api.w.org\/{rel}","templated":true}]}}